{"id":6143,"date":"2023-02-25T07:57:38","date_gmt":"2023-02-25T07:57:38","guid":{"rendered":"https:\/\/www.ancienthealingwisdom.me\/?post_type=product&#038;p=6143"},"modified":"2025-07-20T08:04:09","modified_gmt":"2025-07-20T08:04:09","slug":"colon-cleanse","status":"publish","type":"product","link":"https:\/\/www.ancienthealingwisdom.me\/en\/product\/colon-cleanse\/","title":{"rendered":"Colon Cleanse"},"content":{"rendered":"<p>L\u2019intestino congestionato \u00e8 causa di tanti problemi di salute.<br \/>\nSe non risolvi la causa, il problema continuer\u00e0 a peggiorare.<br \/>\nMedici e studi confermano che un colon impuro (auto-intossicazione) \u00e8 la principale causa di malattia.<br \/>\nAuto significa s\u00e9 e intossicazione significa avvelenamento. Quindi vivere con un colon sporco significa avvelenarsi ogni singolo giorno attraverso stili di vita malsani.<br \/>\nDopo aver concluso uno studio di 25 anni su oltre 5.000 casi, ogni medico dovrebbe rendersi conto che le tossine intestinali sono le cause primarie e contribuenti pi\u00f9 importanti di molti disturbi e problemi di salute nel corpo.<br \/>\nDr. Anthony Badzier, Professore di Gastroenterologia, New York.<\/p>","protected":false},"excerpt":{"rendered":"<p>L\u2019intestino congestionato \u00e8 causa di tanti problemi di salute. Se non risolvi la causa, il problema continuer\u00e0 a peggiorare. Medici e studi confermano che un colon impuro (auto-intossicazione) \u00e8 la principale causa di malattia. Auto significa s\u00e9 e intossicazione significa [&hellip;]<\/p>","protected":false},"featured_media":6146,"comment_status":"open","ping_status":"closed","template":"","meta":[],"product_brand":[],"product_cat":[116],"product_tag":[],"class_list":{"0":"post-6143","1":"product","2":"type-product","3":"status-publish","4":"has-post-thumbnail","6":"product_cat-eft-ebook","8":"first","9":"instock","10":"downloadable","11":"virtual","12":"purchasable","13":"product-type-simple"},"_links":{"self":[{"href":"https:\/\/www.ancienthealingwisdom.me\/en\/wp-json\/wp\/v2\/product\/6143","targetHints":{"allow":["GET"]}}],"collection":[{"href":"https:\/\/www.ancienthealingwisdom.me\/en\/wp-json\/wp\/v2\/product"}],"about":[{"href":"https:\/\/www.ancienthealingwisdom.me\/en\/wp-json\/wp\/v2\/types\/product"}],"replies":[{"embeddable":true,"href":"https:\/\/www.ancienthealingwisdom.me\/en\/wp-json\/wp\/v2\/comments?post=6143"}],"version-history":[{"count":0,"href":"https:\/\/www.ancienthealingwisdom.me\/en\/wp-json\/wp\/v2\/product\/6143\/revisions"}],"wp:featuredmedia":[{"embeddable":true,"href":"https:\/\/www.ancienthealingwisdom.me\/en\/wp-json\/wp\/v2\/media\/6146"}],"wp:attachment":[{"href":"https:\/\/www.ancienthealingwisdom.me\/en\/wp-json\/wp\/v2\/media?parent=6143"}],"wp:term":[{"taxonomy":"product_brand","embeddable":true,"href":"https:\/\/www.ancienthealingwisdom.me\/en\/wp-json\/wp\/v2\/product_brand?post=6143"},{"taxonomy":"product_cat","embeddable":true,"href":"https:\/\/www.ancienthealingwisdom.me\/en\/wp-json\/wp\/v2\/product_cat?post=6143"},{"taxonomy":"product_tag","embeddable":true,"href":"https:\/\/www.ancienthealingwisdom.me\/en\/wp-json\/wp\/v2\/product_tag?post=6143"}],"curies":[{"name":"wp","href":"https:\/\/api.w.org\/{rel}","templated":true}]}}