{"id":6119,"date":"2023-02-16T03:36:25","date_gmt":"2023-02-16T03:36:25","guid":{"rendered":"https:\/\/www.ancienthealingwisdom.me\/?post_type=product&#038;p=6119"},"modified":"2025-07-20T08:06:57","modified_gmt":"2025-07-20T08:06:57","slug":"liver-flush","status":"publish","type":"product","link":"https:\/\/www.ancienthealingwisdom.me\/en\/product\/liver-flush\/","title":{"rendered":"Liver Flush"},"content":{"rendered":"<p><span class=\"S1PPyQ\">l Liver Flush \u00e8 uno dei modi pi\u00f9 potenti per purificare il corpo, migliorare i livelli di energia e riguadagnare benessere e vitalit\u00e0 perduti. Puoi trovare questo protocollo nel libro di Andreas Moritz \u201cThe Amazing Liver and Gallbladder Flush\u201d.<\/span><\/p>\n<p><span class=\"S1PPyQ\">La pulizia del fegato pu\u00f2 aggiungere anni alla tua vita, invertire o rallentare il processo di invecchiamento e guarire il tuo corpo a un livello pi\u00f9 profondo di quanto tu abbia mai pensato.<\/span><\/p>\n<p>&nbsp;<\/p>\n<p>&nbsp;<\/p>\n<p>&nbsp;<\/p>\n<p>&nbsp;<\/p>\n<p>&nbsp;<\/p>\n<p><a href=\"https:\/\/www.ancienthealingwisdom.me\/wp-content\/uploads\/2023\/02\/verticale-LIVER-FLUSH.pdf\">verticale LIVER FLUSH<\/a><\/p>","protected":false},"excerpt":{"rendered":"<p>Inclusa la parte mentale-emozionale con l&#8217;affermazione positiva e le possibili cause mentali-emozionali che possono contribuire a creare problemi al fegato.<\/p>","protected":false},"featured_media":6121,"comment_status":"open","ping_status":"closed","template":"","meta":[],"product_brand":[],"product_cat":[116],"product_tag":[],"class_list":{"0":"post-6119","1":"product","2":"type-product","3":"status-publish","4":"has-post-thumbnail","6":"product_cat-eft-ebook","8":"first","9":"instock","10":"downloadable","11":"shipping-taxable","12":"purchasable","13":"product-type-simple"},"_links":{"self":[{"href":"https:\/\/www.ancienthealingwisdom.me\/en\/wp-json\/wp\/v2\/product\/6119","targetHints":{"allow":["GET"]}}],"collection":[{"href":"https:\/\/www.ancienthealingwisdom.me\/en\/wp-json\/wp\/v2\/product"}],"about":[{"href":"https:\/\/www.ancienthealingwisdom.me\/en\/wp-json\/wp\/v2\/types\/product"}],"replies":[{"embeddable":true,"href":"https:\/\/www.ancienthealingwisdom.me\/en\/wp-json\/wp\/v2\/comments?post=6119"}],"version-history":[{"count":0,"href":"https:\/\/www.ancienthealingwisdom.me\/en\/wp-json\/wp\/v2\/product\/6119\/revisions"}],"wp:featuredmedia":[{"embeddable":true,"href":"https:\/\/www.ancienthealingwisdom.me\/en\/wp-json\/wp\/v2\/media\/6121"}],"wp:attachment":[{"href":"https:\/\/www.ancienthealingwisdom.me\/en\/wp-json\/wp\/v2\/media?parent=6119"}],"wp:term":[{"taxonomy":"product_brand","embeddable":true,"href":"https:\/\/www.ancienthealingwisdom.me\/en\/wp-json\/wp\/v2\/product_brand?post=6119"},{"taxonomy":"product_cat","embeddable":true,"href":"https:\/\/www.ancienthealingwisdom.me\/en\/wp-json\/wp\/v2\/product_cat?post=6119"},{"taxonomy":"product_tag","embeddable":true,"href":"https:\/\/www.ancienthealingwisdom.me\/en\/wp-json\/wp\/v2\/product_tag?post=6119"}],"curies":[{"name":"wp","href":"https:\/\/api.w.org\/{rel}","templated":true}]}}